{"id":250,"date":"2023-11-30T09:04:47","date_gmt":"2023-11-30T09:04:47","guid":{"rendered":"https:\/\/deshmoretelirise.sharpgroup.co\/?page_id=250"},"modified":"2023-11-30T10:09:10","modified_gmt":"2023-11-30T10:09:10","slug":"besim-jashari","status":"publish","type":"page","link":"https:\/\/deshmoretelirise.sharpgroup.co\/index.php\/besim-jashari\/","title":{"rendered":"Besim Jashari"},"content":{"rendered":"\t\t<div data-elementor-type=\"wp-page\" data-elementor-id=\"250\" class=\"elementor elementor-250\">\n\t\t\t\t\t\t\t\t\t<section class=\"elementor-section elementor-top-section elementor-element elementor-element-a8cc3a7 elementor-section-full_width elementor-section-height-default elementor-section-height-default\" data-id=\"a8cc3a7\" data-element_type=\"section\">\n\t\t\t\t\t\t<div class=\"elementor-container elementor-column-gap-default\">\n\t\t\t\t\t<div class=\"elementor-column elementor-col-50 elementor-top-column elementor-element elementor-element-c3716c0\" data-id=\"c3716c0\" data-element_type=\"column\">\n\t\t\t<div class=\"elementor-widget-wrap elementor-element-populated\">\n\t\t\t\t\t\t\t\t<div class=\"elementor-element elementor-element-576c279 elementor-widget elementor-widget-image\" data-id=\"576c279\" data-element_type=\"widget\" data-widget_type=\"image.default\">\n\t\t\t\t<div class=\"elementor-widget-container\">\n\t\t\t<style>\/*! elementor - v3.17.0 - 01-11-2023 *\/\n.elementor-widget-image{text-align:center}.elementor-widget-image a{display:inline-block}.elementor-widget-image a img[src$=\".svg\"]{width:48px}.elementor-widget-image img{vertical-align:middle;display:inline-block}<\/style>\t\t\t\t\t\t\t\t\t\t\t\t<img fetchpriority=\"high\" decoding=\"async\" width=\"800\" height=\"1000\" src=\"https:\/\/deshmoretelirise.sharpgroup.co\/wp-content\/uploads\/2023\/11\/Besim-Jashari-819x1024.jpg\" class=\"attachment-large size-large wp-image-205\" alt=\"\" srcset=\"https:\/\/deshmoretelirise.sharpgroup.co\/wp-content\/uploads\/2023\/11\/Besim-Jashari-819x1024.jpg 819w, https:\/\/deshmoretelirise.sharpgroup.co\/wp-content\/uploads\/2023\/11\/Besim-Jashari-240x300.jpg 240w, https:\/\/deshmoretelirise.sharpgroup.co\/wp-content\/uploads\/2023\/11\/Besim-Jashari-768x960.jpg 768w, https:\/\/deshmoretelirise.sharpgroup.co\/wp-content\/uploads\/2023\/11\/Besim-Jashari-600x750.jpg 600w, https:\/\/deshmoretelirise.sharpgroup.co\/wp-content\/uploads\/2023\/11\/Besim-Jashari.jpg 1080w\" sizes=\"(max-width: 800px) 100vw, 800px\" \/>\t\t\t\t\t\t\t\t\t\t\t\t\t\t\t<\/div>\n\t\t\t\t<\/div>\n\t\t\t\t\t<\/div>\n\t\t<\/div>\n\t\t\t\t<div class=\"elementor-column elementor-col-50 elementor-top-column elementor-element elementor-element-660ae00\" data-id=\"660ae00\" data-element_type=\"column\">\n\t\t\t<div class=\"elementor-widget-wrap elementor-element-populated\">\n\t\t\t\t\t\t\t\t<div class=\"elementor-element elementor-element-c68f279 elementor-widget elementor-widget-heading\" data-id=\"c68f279\" data-element_type=\"widget\" data-widget_type=\"heading.default\">\n\t\t\t\t<div class=\"elementor-widget-container\">\n\t\t\t<style>\/*! elementor - v3.17.0 - 01-11-2023 *\/\n.elementor-heading-title{padding:0;margin:0;line-height:1}.elementor-widget-heading .elementor-heading-title[class*=elementor-size-]>a{color:inherit;font-size:inherit;line-height:inherit}.elementor-widget-heading .elementor-heading-title.elementor-size-small{font-size:15px}.elementor-widget-heading .elementor-heading-title.elementor-size-medium{font-size:19px}.elementor-widget-heading .elementor-heading-title.elementor-size-large{font-size:29px}.elementor-widget-heading .elementor-heading-title.elementor-size-xl{font-size:39px}.elementor-widget-heading .elementor-heading-title.elementor-size-xxl{font-size:59px}<\/style><h2 class=\"elementor-heading-title elementor-size-default\">Besim Ham\u00ebz Jashari (1.12.1981 \u2013 7.3.1998)<\/h2>\t\t<\/div>\n\t\t\t\t<\/div>\n\t\t\t\t<div class=\"elementor-element elementor-element-5dec6a0 elementor-widget elementor-widget-text-editor\" data-id=\"5dec6a0\" data-element_type=\"widget\" data-widget_type=\"text-editor.default\">\n\t\t\t\t<div class=\"elementor-widget-container\">\n\t\t\t<style>\/*! elementor - v3.17.0 - 01-11-2023 *\/\n.elementor-widget-text-editor.elementor-drop-cap-view-stacked .elementor-drop-cap{background-color:#69727d;color:#fff}.elementor-widget-text-editor.elementor-drop-cap-view-framed .elementor-drop-cap{color:#69727d;border:3px solid;background-color:transparent}.elementor-widget-text-editor:not(.elementor-drop-cap-view-default) .elementor-drop-cap{margin-top:8px}.elementor-widget-text-editor:not(.elementor-drop-cap-view-default) .elementor-drop-cap-letter{width:1em;height:1em}.elementor-widget-text-editor .elementor-drop-cap{float:left;text-align:center;line-height:1;font-size:50px}.elementor-widget-text-editor .elementor-drop-cap-letter{display:inline-block}<\/style>\t\t\t\t<p style=\"font-weight: 400;\">Besimi Hamz\u00eb Jashari i lindur\u00a0 m\u00eb 1 dhjetor 1981, n\u00eb Prekaz, shkollimin fillor e kreu n\u00eb Sk\u00ebnderaj, ai pasi p\u00ebrfundoi shkollimin fillor , vijonte dhe shkollimin e mes\u00ebm n\u00eb Sk\u00ebnderaj. Ai ishte djali I Ham\u00ebz dhe Feride Jasharit.<\/p><p style=\"font-weight: 400;\">Ishte vet\u00ebm 10-vje\u00e7ar kur ndodhi rrethimi I par\u00eb m\u00eb 30 dhjetor 1991, nga forcat e pushtuesit serb, polic e ushtar\u00eb, rrethuan kull\u00ebn e familjes Jashari. T\u00eb cil\u00ebt b\u00ebn rezistenc duke luftuar kund\u00ebr forcave serbe.<\/p><p style=\"font-weight: 400;\">Edhe pse ishte I ri n\u00eb mosh\u00eb ai kishte njohuri se babai I tij Hamza dhe bali Adem po p\u00ebrgaditnin di\u00e7ka t\u00eb madhe, t\u00eb r\u00ebnd\u00ebsishme. Sepse Shabani, Rifati,Hamza dhe Ademi nuk i fshihnin arm\u00ebt nga an\u00ebtar\u00ebt e familjes, dhe ua m\u00ebsonin p\u00ebrdorimin e tyre sepse e dinin se nj\u00eb dit\u00eb ato do tu hynin n\u00eb pun\u00eb kund\u00ebr forcave armike.<\/p><p style=\"font-weight: 400;\">Pas 6 vitesh ndodh dhe rrethimi I dyt\u00eb m\u00eb 22 janar 1998 dit\u00eb e enjte, ora 05:25 minuta, tri predha hidhen n\u00eb drejtim t\u00eb sht\u00ebpive t\u00eb familjes s\u00eb Shaban Jasharit: nj\u00eb mbi ah\u00ebr, nj\u00eb n\u00eb der\u00eb dhe nj\u00eb n\u00eb oborr. Jan\u00eb t\u00eb sht\u00ebna prej distanc\u00ebs nga nj\u00ebsitet speciale t\u00eb policis\u00eb s\u00eb Serbis\u00eb, q\u00eb ishin stacionuar prej koh\u00ebsh n\u00eb fabrik\u00ebn e municionit t\u00eb gjuetis\u00eb, rreth 500 metra larg sht\u00ebpive t\u00eb Shaban Jasharit. Duke sulmuar her\u00ebt n\u00eb m\u00ebngjes, ata kishin menduar t\u2019i z\u00ebn\u00eb n\u00eb befasi apo n\u00eb gjum\u00eb an\u00ebtar\u00ebt e familjes Jashari, q\u00eb sapo kishin ngr\u00ebn\u00eb vaktin e syfyrit, q\u00eb at\u00eb dit\u00eb t\u00eb muajit t\u00eb agj\u00ebrimit t\u00eb Ramazanit, lihej n\u00eb ora 05:17.Besimi ndodhej n\u00eb sht\u00ebpi at dit\u00eb beteje, babai Hamza\u00a0 b\u00ebri nj\u00eb p\u00ebrballje t\u00eb drejtp\u00ebrdrejt\u00eb duke shtir\u00eb dhe hedhur bomba dore mbi polic\u00ebt. Teksa predhat dhe plumbat po godisnin gjithandej n\u00ebp\u00ebr sht\u00ebpit\u00eb e tij, nga oda, Shaban Jashari bashk\u00eb me tre nipat e tij fare t\u00eb rinj n\u00eb mosh\u00eb, Fitimin (17), Kushtrimin (13) dhe Besimin (16), \u00a0iu p\u00ebrgjigj\u00ebn me arm\u00eb automatike trupave policore speciale t\u00eb Serbis\u00eb, q\u00eb tentuan t\u00eb hyjn\u00eb edhe brenda sht\u00ebpive.\u00a0\u00a0Ademi at\u00eb dit\u00eb\u00a0 nuk ishte aty, kishte shkuar mysafir te daja i tij Osman Geci n\u00eb Llaush\u00eb.At\u00eb dit\u00eb Besimi po luftonte p\u00ebr her\u00eb t\u00eb par\u00eb kund\u00ebr forcave serbe, p\u00ebr t\u00eb mbrojtur familjen.Pas rreth gjysm\u00eb ore luftimesh, ky aksion i rrufesh\u00ebm mbi familjen e Shaban Jasharit n\u00eb Prekaz, p\u00ebrfundoi me t\u00ebrheqjen e policis\u00eb serbe rreth or\u00ebs 06:05, bashk\u00eb me disa polic\u00eb t\u00eb plagosur dhe shum\u00eb predha e municione t\u00eb l\u00ebna pas. At\u00eb m\u00ebngjes, nga t\u00eb sht\u00ebnat e policis\u00eb u plagos\u00ebn motra e Bsimit \u00a0Selvete Ham\u00ebz Jashari (20) n\u00eb shpin\u00eb dhe Iliriana Rifat Jashari (25) n\u00eb dor\u00eb.\u00a0<\/p>\t\t\t\t\t\t<\/div>\n\t\t\t\t<\/div>\n\t\t\t\t\t<\/div>\n\t\t<\/div>\n\t\t\t\t\t\t\t<\/div>\n\t\t<\/section>\n\t\t\t\t<section class=\"elementor-section elementor-top-section elementor-element elementor-element-bfc1173 elementor-section-full_width elementor-section-height-default elementor-section-height-default\" data-id=\"bfc1173\" data-element_type=\"section\">\n\t\t\t\t\t\t<div class=\"elementor-container elementor-column-gap-default\">\n\t\t\t\t\t<div class=\"elementor-column elementor-col-100 elementor-top-column elementor-element elementor-element-186cdca\" data-id=\"186cdca\" data-element_type=\"column\">\n\t\t\t<div class=\"elementor-widget-wrap elementor-element-populated\">\n\t\t\t\t\t\t\t\t<div class=\"elementor-element elementor-element-a5408b7 elementor-widget__width-initial elementor-widget elementor-widget-text-editor\" data-id=\"a5408b7\" data-element_type=\"widget\" data-widget_type=\"text-editor.default\">\n\t\t\t\t<div class=\"elementor-widget-container\">\n\t\t\t\t\t\t\t<p style=\"font-weight: 400;\">Datat\u00a0 e betej\u00ebs q\u00eb ndryshuan historin e Kosov\u00ebs dhe shqip\u00ebtar\u00ebve an\u00eb e mban bot\u00ebs ishin datat kur ndodhi rrethimi i tret\u00eb me 5,6 dhe 7 mars t\u00eb vitit 1998.Diku pas or\u00ebs 3, pas mesnate, t\u00eb dat\u00ebs 5 mars 1998, forca t\u00eb shumta t\u00eb policis\u00eb dhe t\u00eb ushtris\u00eb serbe me mjete t\u00eb blinduara shp\u00ebrthyen rrethoj\u00ebn e Fabrik\u00ebs s\u00eb Municionit t\u00eb Gjuetis\u00eb n\u00eb Sk\u00ebnderaj,dhe me drita t\u00eb fikura I jan\u00eb afruar dal- ngadal sht\u00ebpive t\u00eb Jashar\u00ebve duke I b\u00ebr\u00eb k\u00ebshtu nj\u00eb rrethim t\u00eb hekurt nga kat\u00ebr an\u00ebt, dhe k\u00ebshtu ata filluan sulmin duke djegur e bombarduar gjithqka q\u00eb kishin p\u00ebrpara sht\u00ebpit \u00eb e fshatit po digjeshin por epiqend\u00ebr kishin familj\u00ebn e Shaban Jasharit. N\u00eb dit\u00ebn e par\u00eb t\u00eb sulmit mbi familjen Jashari, filloi nj\u00eb betej\u00eb e fuqishme kund\u00ebr forcave ushtarake dhe policore serbe. E gjith\u00eb familja e Adem Jasharit filloi luftimet pa asnj\u00eb kompromis e p\u00ebrgatitur p\u00ebr t\u00eb b\u00ebr\u00eb rezistenc\u00eb deri n\u00eb vdekje. N\u00eb dit\u00ebn e par\u00eb u zhvillua luft\u00eb e madhe, gjat\u00eb t\u00ebr\u00eb dit\u00ebs sht\u00ebpit\u00eb u granatuan me atileri t\u00eb r\u00ebnda ushtarake,nd\u00ebrsa po luftonin kund\u00ebr forcave serbe Hamza e Ademi k\u00ebndonin ky ishte nj\u00eb kod nga ana e tyre edhe f\u00ebmij\u00ebt q\u00eb t\u00eb mos frikesoheshin por dhe t\u00eb ja b\u00ebnin me dije nj\u00ebri-tjetrit q\u00eb ishin mir\u00eb. N\u00eb mbr\u00ebmje t\u00eb sht\u00ebnat u qet\u00ebsuan.Adem Jashari s\u00eb bashku me burrat e k\u00ebsaj familje, i mbushnin karikator\u00ebt dhe b\u00ebheshin gati p\u00ebr luft\u00ebn e dit\u00ebs tjet\u00ebr. Ata e v\u00ebzhgonin dhe e p\u00ebrcillnin me shum\u00eb kujdes situat\u00ebn.<br \/><br \/>N\u00eb dit\u00ebn e dyt\u00eb 6 mars 1998 n\u00eb m\u00ebngjes, filluan\u00a0 p\u00ebrs\u00ebri granatimet e forcave serbe. Granatat binin n\u00eb \u00e7do pjes\u00eb t\u00eb sht\u00ebpive dhe t\u00eb oborrit. Granatimet vazhduan t\u00eb jen\u00eb m\u00eb t\u00eb shpeshta dhe m\u00eb t\u00eb fuqishme filluan t\u00eb vriten edhe an\u00ebtar\u00ebt e familj\u00ebs Jashari. Ademi e Hamza s\u00eb bashku me djemt\u00eb e familjes rezistonin n\u00eb pozicionet e tyre. Nj\u00eb granat e madhe i ra podrumit dhe e \u00e7au at\u00eb n\u00eb dy pjes\u00eb, duke e shkat\u00ebrruar at\u00eb. Ajo granat\u00eb i vrau edhe disa prej an\u00ebtar\u00ebve tjer\u00eb t\u00eb familjes.<\/p><p style=\"font-weight: 400;\">N\u00eb dit\u00ebn e tret\u00eb t\u00eb sulmit, me 7 mars 1998, q\u00eb \u00ebsht\u00eb dhe dita e r\u00ebnies heroike t\u00eb Komandantit t\u00eb U\u00c7K-s\u00eb Adem Jashari dhe familjes s\u00eb tij, dita e lavdishme e Epopes\u00eb s\u00eb U\u00c7K-s\u00eb, luftimet vazhdonin nga t\u00eb dya pal\u00ebt, familja Jashari nuk dorzohej ishte rezistente dhe nuk kthente pas. Por fatkeqsisht forcat serbe ishin t\u00eb paisura me atileri t\u00eb r\u00ebnda dhe kishin b\u00ebr\u00eb rrethimin e hekurt k\u00ebshtu bombarduan familjen Jashari deri n\u00eb antarin e fundit.Kur u ndalen gjuajtjet ata hyn n\u00eb brendesi t\u00eb sht\u00ebpis dhe pan\u00eb q\u00eb t\u00eb gjith\u00eb kishin vdekur, por kishte mbetur gjall vet\u00ebm Besarta vajza e Hamz\u00eb Jasharit, t\u00eb cilen e torturuan duke e shetitur n\u00ebp\u00ebr trupat e vdekur t\u00eb familjes Jashari, ajo ishte vetem nj\u00eb f\u00ebmij\u00eb,Besarten e lan t\u00eb gjall por e moren dhe e derguan n\u00eb stacionin policor q\u00eb t\u00eb tregonte detaje rreth familjes Jashari por ajo ishte vajz\u00eb besnike q\u00eb nuk iu tregoi asgj\u00eb. K\u00ebshtu at\u00eb e liruan dhe ajo q\u00ebndroi t\u00eb dajt e saj deri sa erdhi Bekimi v\u00ebllau I saj nga Gjermania.<\/p><p style=\"font-weight: 400;\">Gjat\u00eb luftimeve t\u00eb pand\u00ebrprera, Besimi ishte n\u00eb kull\u00ebn e rezistenc\u00ebs s\u00eb bashku me babain Hamz\u00ebn, n\u00ebn\u00ebn Feriden, motrat: Selveten, Afeten, Besarten,Lirijen e Fatimen dhe Blerinen\u00a0 si dhe v\u00ebllaun Blerimin.<\/p><p style=\"font-weight: 400;\">Nga familja e ngusht\u00eb e Hamz\u00eb Jasharit i shp\u00ebtuan vdekjes Bekim e Besart\u00eb Jashari.<br \/><br \/><\/p><p style=\"font-weight: 400;\"><br \/>Nga k\u00ebto luftime t\u00eb ashpra q\u00eb u zhvilluan tri dit\u00eb radhazi me forcat policore dhe ushtarake serbe, s\u00eb bashku me Komandantin e U\u00c7K-s\u00eb Adem Jashari, nga familja e tij n\u00eb fush\u00ebn e nderit ran\u00eb heroikisht p\u00ebr t\u00eb mos vdekur kurr n\u00eb mbrojtje t\u00eb pragut t\u00eb sht\u00ebpis\u00eb, atdheut dhe kombit 20 an\u00ebtar\u00eb, 10 prej t\u00eb cil\u00ebve f\u00ebmij\u00eb.<\/p><p style=\"font-weight: 400;\"><em>Lista e antar\u00ebve e Familjes Jashari t\u00eb r\u00ebn\u00eb gjat\u00eb luft\u00ebs s\u00eb U\u00c7K-s\u00eb<\/em><\/p><p style=\"font-weight: 400;\"><em>Nga familja Shaban Jasharit bien d\u00ebshmor\u00eb:<\/em><\/p><ul><li><em>Shaban Murat Jashari (74-vje\u00e7ar), babai i Ademit<\/em><\/li><li><em>Zahide Geci \u2013 Jashari (74-vje\u00e7are), n\u00ebna e Ademit<\/em><\/li><li><em>Zarife Jashari (49) gruaja e Rifatit<\/em><\/li><li><em>Hidajete Rifat Jashari (18), vajza e Rifatit<\/em><\/li><li><em>Valdete Rifat Jashari (15), vajza e Rifatit<\/em><\/li><li><em>Igball Rifat Jashari (13), djali i Rifatit<\/em><\/li><li><em>Igballe Rifat Jashari (11), vajza e Rifatit<\/em><\/li><li><em>Ham\u00ebz Shaban Jashari (47), v\u00ebllai i dyt\u00eb i Adem Jasharit<\/em><\/li><li><em>Feride Mecini \u2013 Jashari (43), gruaja e Ham\u00ebz Jasharit<\/em><\/li><li><em>Selvete Ham\u00ebz Jashari (20), vajza e Ham\u00ebz Jasharit<\/em><\/li><li><em>Afete Ham\u00ebz Jashari (17), vajza e Ham\u00ebz Jasharit<\/em><\/li><li><em>Besim Ham\u00ebz Jashari (16), djali i Ham\u00ebz Jasharit<\/em><\/li><li><em>Lirie Ham\u00ebz Jashari (15), vajza e Ham\u00ebz Jasharit<\/em><\/li><li><em>Blerim Ham\u00ebz Jashari (12), djali i Ham\u00ebz Jasharit<\/em><\/li><li><em>Fatime Ham\u00ebz Jashari (9), vajza e Ham\u00ebz Jasharit<\/em><\/li><li><em>Blerin\u00eb Ham\u00ebz Jashari (7), vajza e Ham\u00ebz Jasharit<\/em><\/li><li><em>Adem Shaban Jashari(42)<\/em><\/li><li><em>Adile Rama \u2013 Jashari (40), gruaja e Adem Jasharit<\/em><\/li><li><em>Fitim Adem Jashari (17), djali i Adem Jasharit<\/em><\/li><li><em style=\"font-weight: 400;\">Kushtrim Adem Jashari (13), djali i Adem Jasharit<\/em><\/li><\/ul>\t\t\t\t\t\t<\/div>\n\t\t\t\t<\/div>\n\t\t\t\t\t<\/div>\n\t\t<\/div>\n\t\t\t\t\t\t\t<\/div>\n\t\t<\/section>\n\t\t\t\t\t\t\t<\/div>\n\t\t","protected":false},"excerpt":{"rendered":"<p>Besim Ham\u00ebz Jashari (1.12.1981 \u2013 7.3.1998) Besimi Hamz\u00eb Jashari i lindur\u00a0 m\u00eb 1 dhjetor 1981, n\u00eb Prekaz, shkollimin fillor e kreu n\u00eb Sk\u00ebnderaj, ai pasi p\u00ebrfundoi shkollimin fillor , vijonte dhe shkollimin e mes\u00ebm n\u00eb Sk\u00ebnderaj. Ai ishte djali I Ham\u00ebz dhe Feride Jasharit. Ishte vet\u00ebm 10-vje\u00e7ar kur ndodhi rrethimi I par\u00eb m\u00eb 30 dhjetor [&hellip;]<\/p>\n","protected":false},"author":1,"featured_media":0,"parent":0,"menu_order":0,"comment_status":"closed","ping_status":"closed","template":"elementor_header_footer","meta":{"footnotes":""},"_links":{"self":[{"href":"https:\/\/deshmoretelirise.sharpgroup.co\/index.php\/wp-json\/wp\/v2\/pages\/250"}],"collection":[{"href":"https:\/\/deshmoretelirise.sharpgroup.co\/index.php\/wp-json\/wp\/v2\/pages"}],"about":[{"href":"https:\/\/deshmoretelirise.sharpgroup.co\/index.php\/wp-json\/wp\/v2\/types\/page"}],"author":[{"embeddable":true,"href":"https:\/\/deshmoretelirise.sharpgroup.co\/index.php\/wp-json\/wp\/v2\/users\/1"}],"replies":[{"embeddable":true,"href":"https:\/\/deshmoretelirise.sharpgroup.co\/index.php\/wp-json\/wp\/v2\/comments?post=250"}],"version-history":[{"count":22,"href":"https:\/\/deshmoretelirise.sharpgroup.co\/index.php\/wp-json\/wp\/v2\/pages\/250\/revisions"}],"predecessor-version":[{"id":289,"href":"https:\/\/deshmoretelirise.sharpgroup.co\/index.php\/wp-json\/wp\/v2\/pages\/250\/revisions\/289"}],"wp:attachment":[{"href":"https:\/\/deshmoretelirise.sharpgroup.co\/index.php\/wp-json\/wp\/v2\/media?parent=250"}],"curies":[{"name":"wp","href":"https:\/\/api.w.org\/{rel}","templated":true}]}}