{"id":185,"date":"2023-11-30T08:27:56","date_gmt":"2023-11-30T08:27:56","guid":{"rendered":"https:\/\/deshmoretelirise.sharpgroup.co\/?page_id=185"},"modified":"2023-11-30T09:11:24","modified_gmt":"2023-11-30T09:11:24","slug":"brigada-123","status":"publish","type":"page","link":"https:\/\/deshmoretelirise.sharpgroup.co\/index.php\/brigada-123\/","title":{"rendered":"Brigada 123"},"content":{"rendered":"\t\t<div data-elementor-type=\"wp-page\" data-elementor-id=\"185\" class=\"elementor elementor-185\">\n\t\t\t\t\t\t\t\t\t<section class=\"elementor-section elementor-top-section elementor-element elementor-element-43847a1 elementor-section-boxed elementor-section-height-default elementor-section-height-default\" data-id=\"43847a1\" data-element_type=\"section\" data-settings=\"{&quot;background_background&quot;:&quot;classic&quot;}\">\n\t\t\t\t\t\t\t<div class=\"elementor-background-overlay\"><\/div>\n\t\t\t\t\t\t\t<div class=\"elementor-container elementor-column-gap-default\">\n\t\t\t\t\t<div class=\"elementor-column elementor-col-100 elementor-top-column elementor-element elementor-element-cec1fd1\" data-id=\"cec1fd1\" data-element_type=\"column\">\n\t\t\t<div class=\"elementor-widget-wrap elementor-element-populated\">\n\t\t\t\t\t\t\t\t<div class=\"elementor-element elementor-element-c51d273 elementor-widget elementor-widget-heading\" data-id=\"c51d273\" data-element_type=\"widget\" data-widget_type=\"heading.default\">\n\t\t\t\t<div class=\"elementor-widget-container\">\n\t\t\t<style>\/*! elementor - v3.17.0 - 01-11-2023 *\/\n.elementor-heading-title{padding:0;margin:0;line-height:1}.elementor-widget-heading .elementor-heading-title[class*=elementor-size-]>a{color:inherit;font-size:inherit;line-height:inherit}.elementor-widget-heading .elementor-heading-title.elementor-size-small{font-size:15px}.elementor-widget-heading .elementor-heading-title.elementor-size-medium{font-size:19px}.elementor-widget-heading .elementor-heading-title.elementor-size-large{font-size:29px}.elementor-widget-heading .elementor-heading-title.elementor-size-xl{font-size:39px}.elementor-widget-heading .elementor-heading-title.elementor-size-xxl{font-size:59px}<\/style><h2 class=\"elementor-heading-title elementor-size-default\">Brigada 123<\/h2>\t\t<\/div>\n\t\t\t\t<\/div>\n\t\t\t\t\t<\/div>\n\t\t<\/div>\n\t\t\t\t\t\t\t<\/div>\n\t\t<\/section>\n\t\t\t\t<section class=\"elementor-section elementor-top-section elementor-element elementor-element-be7dbf8 elementor-section-full_width elementor-section-height-default elementor-section-height-default\" data-id=\"be7dbf8\" data-element_type=\"section\">\n\t\t\t\t\t\t<div class=\"elementor-container elementor-column-gap-default\">\n\t\t\t\t\t<div class=\"elementor-column elementor-col-25 elementor-top-column elementor-element elementor-element-d7b77a6\" data-id=\"d7b77a6\" data-element_type=\"column\">\n\t\t\t<div class=\"elementor-widget-wrap elementor-element-populated\">\n\t\t\t\t\t\t\t\t<div class=\"elementor-element elementor-element-6bff352 elementor-widget elementor-widget-image\" data-id=\"6bff352\" data-element_type=\"widget\" data-widget_type=\"image.default\">\n\t\t\t\t<div class=\"elementor-widget-container\">\n\t\t\t<style>\/*! elementor - v3.17.0 - 01-11-2023 *\/\n.elementor-widget-image{text-align:center}.elementor-widget-image a{display:inline-block}.elementor-widget-image a img[src$=\".svg\"]{width:48px}.elementor-widget-image img{vertical-align:middle;display:inline-block}<\/style>\t\t\t\t\t\t\t\t\t\t\t\t<img fetchpriority=\"high\" decoding=\"async\" width=\"800\" height=\"1000\" src=\"https:\/\/deshmoretelirise.sharpgroup.co\/wp-content\/uploads\/2023\/11\/Kushtrim-Jashari-819x1024.jpg\" class=\"attachment-large size-large wp-image-192\" alt=\"\" srcset=\"https:\/\/deshmoretelirise.sharpgroup.co\/wp-content\/uploads\/2023\/11\/Kushtrim-Jashari-819x1024.jpg 819w, https:\/\/deshmoretelirise.sharpgroup.co\/wp-content\/uploads\/2023\/11\/Kushtrim-Jashari-240x300.jpg 240w, https:\/\/deshmoretelirise.sharpgroup.co\/wp-content\/uploads\/2023\/11\/Kushtrim-Jashari-768x960.jpg 768w, https:\/\/deshmoretelirise.sharpgroup.co\/wp-content\/uploads\/2023\/11\/Kushtrim-Jashari-600x750.jpg 600w, https:\/\/deshmoretelirise.sharpgroup.co\/wp-content\/uploads\/2023\/11\/Kushtrim-Jashari.jpg 1080w\" sizes=\"(max-width: 800px) 100vw, 800px\" \/>\t\t\t\t\t\t\t\t\t\t\t\t\t\t\t<\/div>\n\t\t\t\t<\/div>\n\t\t\t\t<div class=\"elementor-element elementor-element-96376a4 elementor-widget__width-initial elementor-widget elementor-widget-heading\" data-id=\"96376a4\" data-element_type=\"widget\" data-widget_type=\"heading.default\">\n\t\t\t\t<div class=\"elementor-widget-container\">\n\t\t\t<h2 class=\"elementor-heading-title elementor-size-default\">Kushtrim Adem Jashari<\/h2>\t\t<\/div>\n\t\t\t\t<\/div>\n\t\t\t\t<div class=\"elementor-element elementor-element-2f82724 elementor-align-left elementor-widget elementor-widget-button\" data-id=\"2f82724\" data-element_type=\"widget\" data-widget_type=\"button.default\">\n\t\t\t\t<div class=\"elementor-widget-container\">\n\t\t\t\t\t<div class=\"elementor-button-wrapper\">\n\t\t\t<a class=\"elementor-button elementor-button-link elementor-size-sm\" href=\"https:\/\/deshmoretelirise.sharpgroup.co\/index.php\/kushtrim-jashari\/\">\n\t\t\t\t\t\t<span class=\"elementor-button-content-wrapper\">\n\t\t\t\t\t\t<span class=\"elementor-button-icon elementor-align-icon-right\">\n\t\t\t\t<i aria-hidden=\"true\" class=\"fas fa-arrow-right\"><\/i>\t\t\t<\/span>\n\t\t\t\t\t\t<span class=\"elementor-button-text\">Shiko m\u00eb shum\u00eb <\/span>\n\t\t<\/span>\n\t\t\t\t\t<\/a>\n\t\t<\/div>\n\t\t\t\t<\/div>\n\t\t\t\t<\/div>\n\t\t\t\t\t<\/div>\n\t\t<\/div>\n\t\t\t\t<div class=\"elementor-column elementor-col-25 elementor-top-column elementor-element elementor-element-a5f1406\" data-id=\"a5f1406\" data-element_type=\"column\">\n\t\t\t<div class=\"elementor-widget-wrap elementor-element-populated\">\n\t\t\t\t\t\t\t\t<div class=\"elementor-element elementor-element-d66f7ec elementor-widget elementor-widget-image\" data-id=\"d66f7ec\" data-element_type=\"widget\" data-widget_type=\"image.default\">\n\t\t\t\t<div class=\"elementor-widget-container\">\n\t\t\t\t\t\t\t\t\t\t\t\t\t\t\t<img decoding=\"async\" width=\"800\" height=\"1000\" src=\"https:\/\/deshmoretelirise.sharpgroup.co\/wp-content\/uploads\/2023\/11\/Besim-Jashari-819x1024.jpg\" class=\"attachment-large size-large wp-image-205\" alt=\"\" srcset=\"https:\/\/deshmoretelirise.sharpgroup.co\/wp-content\/uploads\/2023\/11\/Besim-Jashari-819x1024.jpg 819w, https:\/\/deshmoretelirise.sharpgroup.co\/wp-content\/uploads\/2023\/11\/Besim-Jashari-240x300.jpg 240w, https:\/\/deshmoretelirise.sharpgroup.co\/wp-content\/uploads\/2023\/11\/Besim-Jashari-768x960.jpg 768w, https:\/\/deshmoretelirise.sharpgroup.co\/wp-content\/uploads\/2023\/11\/Besim-Jashari-600x750.jpg 600w, https:\/\/deshmoretelirise.sharpgroup.co\/wp-content\/uploads\/2023\/11\/Besim-Jashari.jpg 1080w\" sizes=\"(max-width: 800px) 100vw, 800px\" \/>\t\t\t\t\t\t\t\t\t\t\t\t\t\t\t<\/div>\n\t\t\t\t<\/div>\n\t\t\t\t<div class=\"elementor-element elementor-element-33154e3 elementor-widget__width-initial elementor-widget elementor-widget-heading\" data-id=\"33154e3\" data-element_type=\"widget\" data-widget_type=\"heading.default\">\n\t\t\t\t<div class=\"elementor-widget-container\">\n\t\t\t<h2 class=\"elementor-heading-title elementor-size-default\">Besim Ham\u00ebz Jashari<\/h2>\t\t<\/div>\n\t\t\t\t<\/div>\n\t\t\t\t<div class=\"elementor-element elementor-element-89146cc elementor-align-left elementor-widget elementor-widget-button\" data-id=\"89146cc\" data-element_type=\"widget\" data-widget_type=\"button.default\">\n\t\t\t\t<div class=\"elementor-widget-container\">\n\t\t\t\t\t<div class=\"elementor-button-wrapper\">\n\t\t\t<a class=\"elementor-button elementor-button-link elementor-size-sm\" href=\"https:\/\/deshmoretelirise.sharpgroup.co\/index.php\/besim-jashari\/\">\n\t\t\t\t\t\t<span class=\"elementor-button-content-wrapper\">\n\t\t\t\t\t\t<span class=\"elementor-button-icon elementor-align-icon-right\">\n\t\t\t\t<i aria-hidden=\"true\" class=\"fas fa-arrow-right\"><\/i>\t\t\t<\/span>\n\t\t\t\t\t\t<span class=\"elementor-button-text\">Shiko m\u00eb shum\u00eb <\/span>\n\t\t<\/span>\n\t\t\t\t\t<\/a>\n\t\t<\/div>\n\t\t\t\t<\/div>\n\t\t\t\t<\/div>\n\t\t\t\t\t<\/div>\n\t\t<\/div>\n\t\t\t\t<div class=\"elementor-column elementor-col-25 elementor-top-column elementor-element elementor-element-ca8f2bf\" data-id=\"ca8f2bf\" data-element_type=\"column\">\n\t\t\t<div class=\"elementor-widget-wrap\">\n\t\t\t\t\t\t\t\t\t<\/div>\n\t\t<\/div>\n\t\t\t\t<div class=\"elementor-column elementor-col-25 elementor-top-column elementor-element elementor-element-54a5b0d\" data-id=\"54a5b0d\" data-element_type=\"column\">\n\t\t\t<div class=\"elementor-widget-wrap\">\n\t\t\t\t\t\t\t\t\t<\/div>\n\t\t<\/div>\n\t\t\t\t\t\t\t<\/div>\n\t\t<\/section>\n\t\t\t\t\t\t\t<\/div>\n\t\t","protected":false},"excerpt":{"rendered":"<p>Brigada 123 Kushtrim Adem Jashari Shiko m\u00eb shum\u00eb Besim Ham\u00ebz Jashari Shiko m\u00eb shum\u00eb<\/p>\n","protected":false},"author":1,"featured_media":0,"parent":0,"menu_order":0,"comment_status":"closed","ping_status":"closed","template":"elementor_header_footer","meta":{"footnotes":""},"_links":{"self":[{"href":"https:\/\/deshmoretelirise.sharpgroup.co\/index.php\/wp-json\/wp\/v2\/pages\/185"}],"collection":[{"href":"https:\/\/deshmoretelirise.sharpgroup.co\/index.php\/wp-json\/wp\/v2\/pages"}],"about":[{"href":"https:\/\/deshmoretelirise.sharpgroup.co\/index.php\/wp-json\/wp\/v2\/types\/page"}],"author":[{"embeddable":true,"href":"https:\/\/deshmoretelirise.sharpgroup.co\/index.php\/wp-json\/wp\/v2\/users\/1"}],"replies":[{"embeddable":true,"href":"https:\/\/deshmoretelirise.sharpgroup.co\/index.php\/wp-json\/wp\/v2\/comments?post=185"}],"version-history":[{"count":31,"href":"https:\/\/deshmoretelirise.sharpgroup.co\/index.php\/wp-json\/wp\/v2\/pages\/185\/revisions"}],"predecessor-version":[{"id":267,"href":"https:\/\/deshmoretelirise.sharpgroup.co\/index.php\/wp-json\/wp\/v2\/pages\/185\/revisions\/267"}],"wp:attachment":[{"href":"https:\/\/deshmoretelirise.sharpgroup.co\/index.php\/wp-json\/wp\/v2\/media?parent=185"}],"curies":[{"name":"wp","href":"https:\/\/api.w.org\/{rel}","templated":true}]}}